{"id":25,"date":"2018-06-28T16:09:56","date_gmt":"2018-06-28T14:09:56","guid":{"rendered":"http:\/\/nowa.haccp-szkolenia.pl\/?post_type=product&#038;p=25"},"modified":"2026-04-03T19:25:09","modified_gmt":"2026-04-03T17:25:09","slug":"kreator-dokumentacja-ghp-gmp-gastronomia","status":"publish","type":"product","link":"https:\/\/haccponline.pl\/sklep\/produkt\/kreator-dokumentacja-ghp-gmp-gastronomia\/","title":{"rendered":"Kreator dokumentacji GHP\/GMP &#8211; Gastronomia"},"content":{"rendered":"<ul>\n<li style=\"list-style-type: none;\">\n<ul>\n<li>Dost\u0119p do interaktywnego kreatora dokumentacji GHP\/GMP &#8211; do samodzielnej konfiguracji, kt\u00f3ry umo\u017cliwia wygenerowanie w ok. 10 minut kompletu procedur i instrukcji GHP\/GMP dostosowanych do profilu danej plac\u00f3wki.<\/li>\n<li>Procedura alergen\u00f3w z wykazem dla klient\u00f3w i kolorow\u0105 plansz\u0105 \u2013 GRATIS.<\/li>\n<li>Dokumentacja zawiera minimum sanitarne &#8211; GHP\/GMP (dobre praktyki).<\/li>\n<li>Przeznaczona dla plac\u00f3wek ma\u0142ej gastronomii nie prowadz\u0105cych w\u0142asnej produkcji \u017cywno\u015bci, tylko sprzedaj\u0105cych gotowe produkty, trwa\u0142e mikrobiologicznie i opakowane przez producenta.<\/li>\n<li>Konsultacja telefoniczna tylko w zakresie obs\u0142ugi kreatora.<\/li>\n<li>Termin realizacji: kreator zostanie udost\u0119pniony w ci\u0105gu 2 dni roboczych po zakupie.<\/li>\n<li>Brak gwarancji na poprawno\u015b\u0107 samodzielnie skonfigurowanej dokumentacji, np. w przypadku kontroli Sanepidu.<\/li>\n<\/ul>\n<\/li>\n<\/ul>\n<div class=\"wcinfo shift\"><strong>Uwaga:<\/strong><br \/>\nDokumentacja nie zawiera analizy zagro\u017ce\u0144, wyznaczonych punkt\u00f3w krytycznych CCP, punkt\u00f3w kontrolnych CP oraz diagram\u00f3w proces\u00f3w technologicznych. Nale\u017cy pami\u0119ta\u0107, \u017ce dobre praktyki GHP\/GMP s\u0105 tylko cz\u0119\u015bci\u0105 HACCP i powinny wynika\u0107 z wykonanej wcze\u015bniej analizy zagro\u017ce\u0144. Przy prawid\u0142owo przeprowadzonej kontroli SANEPIDU zostaniesz poproszony o ca\u0142\u0105 Ksi\u0119g\u0119 HACCP\/GHP\/GMP i certyfikaty z aktualnych szkole\u0144 w tym zakresie.<\/div>\n<div><\/div>\n<div class=\"wcinfo shift\"><strong>Przy zakupie \u2013 w FORMULARZU ZAM\u00d3WIENIA<\/strong> prosimy kr\u00f3tko opisa\u0107 rodzaj prowadzonej dzia\u0142alno\u015bci &#8211; na tej podstawie przydzielimy wst\u0119pnie dostosowany do specyfiki plac\u00f3wki kreator dokumentacji.<\/div>\n<p>&nbsp;<\/p>\n<h2>Czym jest ksi\u0119ga GMP\/GHP?<\/h2>\n<p>Ksi\u0119ga <strong>GMP i GHP<\/strong> jest cz\u0119\u015bci\u0105 systemu HACCP wymaganego w miejscach, gdzie produkowana, przetwarzana lub sprzedawana jest \u017cywno\u015b\u0107. Tworz\u0105c system HACCP, konieczne jest wdro\u017cenie GMP, czyli Dobrej Praktyki Produkcyjnej oraz GHP, czyli Dobrej Praktyki Higienicznej. Definicje dla tych dw\u00f3ch termin\u00f3w znajdziemy w Ustawie z 25 sierpnia 2006 roku o bezpiecze\u0144stwie \u017cywno\u015bci i \u017cywienia (Dz. U. z 2015 r. poz. 594). Wed\u0142ug niej GHP s\u0105 to podejmowane dzia\u0142ania i warunki higieniczne &#8211; spe\u0142niane i kontrolowane na wszystkich etapach obrotu i produkcji, kt\u00f3re s\u0105 konieczne do zapewnienia bezpiecze\u0144stwa \u017cywno\u015bci. Z kolei GMP to warunki i dzia\u0142ania podejmowane w celu zapewnienia bezpiecze\u0144stwa produkcji \u017cywno\u015bci, w zgodzie z jej przeznaczeniem. Nale\u017cy wiedzie\u0107, \u017ce GHP i GMP to zbiory zasad, procedur, zapis\u00f3w oraz kart kontroli, kt\u00f3re informuj\u0105 o tym, w jaki spos\u00f3b dzia\u0142a dany zak\u0142ad produkcji czy punkt gastronomiczny.<\/p>\n<h2>Kto musi wdro\u017cy\u0107 GMP i GHP?<\/h2>\n<p><strong>GMP i GHP<\/strong> to ksi\u0119gi, kt\u00f3re s\u0105 obowi\u0105zkowe dla ka\u017cdego miejsca, w kt\u00f3rym dochodzi do przetwarzania \u017cywno\u015bci. S\u0105 to zak\u0142ady produkcji, lokale gastronomiczne czy kawiarnie. Jest to dokumentacja wymagana przez Sanepid, dlatego jest obowi\u0105zkowa. Konieczne jest jej odpowiednie dopracowanie, aby korzystanie z ksi\u0119gi by\u0142o \u0142atwe i w pe\u0142ni zrozumia\u0142e. W ko\u0144cu ksi\u0119ga ta to nie tylko instrukcje i procedury post\u0119powania, ale r\u00f3wnie\u017c karty kontroli, kt\u00f3re musz\u0105 by\u0107 na bie\u017c\u0105co wype\u0142nianie przez pracownik\u00f3w. Nasz kreator dokumentacji <strong>GHP\/GMP<\/strong> dla ma\u0142ej gastronomii pozwoli na szybkie i samodzielne skonfigurowanie ksi\u0119gi w kilkana\u015bcie minut, a tak\u017ce na jej pobranie natychmiast w pliku PDF. S\u0105 to tzw. dobre praktyki sanitarne, czyli spis procedur i instrukcji GHP\/GMP dostosowanych do profilu danej plac\u00f3wki. Taki kreator to doskona\u0142a opcja na szybkie i dok\u0142adne stworzenie ksi\u0119gi, bez konieczno\u015bci ponoszenia ogromnych koszt\u00f3w czy wk\u0142adu pracy. W ko\u0144cu, aby stworzy\u0107 tak\u0105 ksi\u0119g\u0119, trzeba posiada\u0107 wiedz\u0119 i do\u015bwiadczenie oraz umie\u0107 j\u0105 odpowiednio uporz\u0105dkowa\u0107, aby by\u0142a \u0142atwa w korzystaniu i nie utrudnia\u0142a prowadzonych prac.<\/p>\n<h2>Pami\u0119tajmy o szkoleniach GMP\/GHP!<\/h2>\n<p>Zgodnie z rozporz\u0105dzeniem Parlamentu Europejskiego i Rady WE nr 852\/2004\/WE z dnia 29 kwietnia 2004 r. w sprawie higieny \u015brodk\u00f3w spo\u017cywczych (Dz. Urz. UE L 139 z 30.04.2004, str.1), rozdzia\u0142em XII za\u0142\u0105cznika II, przedsi\u0119biorca ma obowi\u0105zek zapewni\u0107 nadz\u00f3r i szkolenia personelu, kt\u00f3ry pracuje na produkcji i przy obrocie \u017cywno\u015bci\u0105 odpowiednio do wykonywanej pracy w zakresie higieny i stosowania zasad HACCP. Nale\u017cy pami\u0119ta\u0107 o tym, aby przeszkoli\u0107 ka\u017cdego pracownika w tym zakresie, a w jego aktach osobowych umie\u015bci\u0107 za\u015bwiadczenia o odbyciu takich szkole\u0144. W przypadku ka\u017cdorazowej zmiany procedury warto uaktualni\u0107 takie szkolenie. W naszej firmie oferujemy szkolenia online, kt\u00f3re prowadzone s\u0105 przez osoby kompetentne o ogromnej wiedzy. Dzi\u0119ki temu nie ma obaw o skuteczno\u015b\u0107 szkole\u0144. S\u0105 dost\u0119pne 7 dni w tygodniu i 24 godziny na dob\u0119, a tu\u017c po sko\u0144czonym kursie mo\u017cna pobra\u0107 certyfikat uko\u0144czenia kursu. Dzi\u0119ki temu mo\u017cna wykona\u0107 szkolenia tu\u017c przed spodziewan\u0105 kontrol\u0105 sanepidu, szybko i w atrakcyjnej cenie.<\/p>\n","protected":false},"excerpt":{"rendered":"<ul>\n<li style=\"list-style-type: none;\">\n<ul>\n<li>Kreator dokumentacji GHP\/GMP dla ma\u0142ej gastronomii<\/li>\n<li>Procedura alergen\u00f3w GRATIS<\/li>\n<li>Do samodzielnej konfiguracji w ok. 10 min.<\/li>\n<li>Dokumentacja do pobrania natychmiast (PDF)<\/li>\n<\/ul>\n<div class=\"wcinfo shift\"><strong>Uwaga:<\/strong> Podana cena dotyczy tylko typ\u00f3w plac\u00f3wek wymienionych w opisie poni\u017cej. W pozosta\u0142ych przypadkach prosimy o <a href=\"https:\/\/haccponline.pl\/kontakt\/\" target=\"_blank\" rel=\"noopener noreferrer\">kontakt pod numerem 512 225 206<\/a><\/div>\n<\/li>\n<\/ul>\n","protected":false},"featured_media":5838,"comment_status":"closed","ping_status":"closed","template":"","meta":{"site-sidebar-layout":"default","site-content-layout":"","ast-site-content-layout":"default","site-content-style":"default","site-sidebar-style":"default","ast-global-header-display":"","ast-banner-title-visibility":"","ast-main-header-display":"","ast-hfb-above-header-display":"","ast-hfb-below-header-display":"","ast-hfb-mobile-header-display":"","site-post-title":"","ast-breadcrumbs-content":"","ast-featured-img":"","footer-sml-layout":"","ast-disable-related-posts":"","theme-transparent-header-meta":"default","adv-header-id-meta":"","stick-header-meta":"","header-above-stick-meta":"","header-main-stick-meta":"","header-below-stick-meta":"","astra-migrate-meta-layouts":"set","ast-page-background-enabled":"default","ast-page-background-meta":{"desktop":{"background-color":"var(--ast-global-color-4)","background-image":"","background-repeat":"repeat","background-position":"center center","background-size":"auto","background-attachment":"scroll","background-type":"","background-media":"","overlay-type":"","overlay-color":"","overlay-opacity":"","overlay-gradient":""},"tablet":{"background-color":"","background-image":"","background-repeat":"repeat","background-position":"center center","background-size":"auto","background-attachment":"scroll","background-type":"","background-media":"","overlay-type":"","overlay-color":"","overlay-opacity":"","overlay-gradient":""},"mobile":{"background-color":"","background-image":"","background-repeat":"repeat","background-position":"center center","background-size":"auto","background-attachment":"scroll","background-type":"","background-media":"","overlay-type":"","overlay-color":"","overlay-opacity":"","overlay-gradient":""}},"ast-content-background-meta":{"desktop":{"background-color":"var(--ast-global-color-5)","background-image":"","background-repeat":"repeat","background-position":"center center","background-size":"auto","background-attachment":"scroll","background-type":"","background-media":"","overlay-type":"","overlay-color":"","overlay-opacity":"","overlay-gradient":""},"tablet":{"background-color":"var(--ast-global-color-5)","background-image":"","background-repeat":"repeat","background-position":"center center","background-size":"auto","background-attachment":"scroll","background-type":"","background-media":"","overlay-type":"","overlay-color":"","overlay-opacity":"","overlay-gradient":""},"mobile":{"background-color":"var(--ast-global-color-5)","background-image":"","background-repeat":"repeat","background-position":"center center","background-size":"auto","background-attachment":"scroll","background-type":"","background-media":"","overlay-type":"","overlay-color":"","overlay-opacity":"","overlay-gradient":""}}},"product_brand":[],"product_cat":[24],"product_tag":[25],"class_list":{"0":"post-25","1":"product","2":"type-product","3":"status-publish","4":"has-post-thumbnail","6":"product_cat-dokumentacja","7":"product_tag-dokumentacja-haccp","8":"desktop-align-center","9":"tablet-align-left","10":"mobile-align-left","12":"first","13":"instock","14":"virtual","15":"taxable","16":"purchasable","17":"product-type-simple"},"yoast_head":"<!-- This site is optimized with the Yoast SEO plugin v27.3 - https:\/\/yoast.com\/product\/yoast-seo-wordpress\/ -->\n<title>GMP GHP - kreator dokumentacji - HACCP Online<\/title>\n<meta name=\"description\" content=\"Dokumentacja haccp. Ksi\u0119ga jako\u015bci. Instrukcje, procedury ghp gmp. Wyznaczone punkty krytyczne. Kreator dokumentacji.\" \/>\n<meta name=\"robots\" content=\"index, follow, max-snippet:-1, max-image-preview:large, max-video-preview:-1\" \/>\n<link rel=\"canonical\" href=\"https:\/\/haccponline.pl\/sklep\/produkt\/kreator-dokumentacja-ghp-gmp-gastronomia\/\" \/>\n<meta property=\"og:locale\" content=\"pl_PL\" \/>\n<meta property=\"og:type\" content=\"article\" \/>\n<meta property=\"og:title\" content=\"GMP GHP - kreator dokumentacji - HACCP Online\" \/>\n<meta property=\"og:description\" content=\"Dokumentacja haccp. Ksi\u0119ga jako\u015bci. Instrukcje, procedury ghp gmp. Wyznaczone punkty krytyczne. Kreator dokumentacji.\" \/>\n<meta property=\"og:url\" content=\"https:\/\/haccponline.pl\/sklep\/produkt\/kreator-dokumentacja-ghp-gmp-gastronomia\/\" \/>\n<meta property=\"og:site_name\" content=\"HACCP Platforma szkoleniowa\" \/>\n<meta property=\"article:publisher\" content=\"https:\/\/www.facebook.com\/HaccpOnline\/\" \/>\n<meta property=\"article:modified_time\" content=\"2026-04-03T17:25:09+00:00\" \/>\n<meta property=\"og:image\" content=\"https:\/\/haccponline.pl\/sklep\/wp-content\/uploads\/2018\/06\/haccp-product-thumb.webp\" \/>\n\t<meta property=\"og:image:width\" content=\"600\" \/>\n\t<meta property=\"og:image:height\" content=\"600\" \/>\n\t<meta property=\"og:image:type\" content=\"image\/webp\" \/>\n<meta name=\"twitter:card\" content=\"summary_large_image\" \/>\n<meta name=\"twitter:label1\" content=\"Szacowany czas czytania\" \/>\n\t<meta name=\"twitter:data1\" content=\"4 minuty\" \/>\n<script type=\"application\/ld+json\" class=\"yoast-schema-graph\">{\"@context\":\"https:\\\/\\\/schema.org\",\"@graph\":[{\"@type\":\"WebPage\",\"@id\":\"https:\\\/\\\/haccponline.pl\\\/sklep\\\/produkt\\\/kreator-dokumentacja-ghp-gmp-gastronomia\\\/\",\"url\":\"https:\\\/\\\/haccponline.pl\\\/sklep\\\/produkt\\\/kreator-dokumentacja-ghp-gmp-gastronomia\\\/\",\"name\":\"GMP GHP - kreator dokumentacji - HACCP Online\",\"isPartOf\":{\"@id\":\"https:\\\/\\\/haccponline.pl\\\/sklep\\\/#website\"},\"primaryImageOfPage\":{\"@id\":\"https:\\\/\\\/haccponline.pl\\\/sklep\\\/produkt\\\/kreator-dokumentacja-ghp-gmp-gastronomia\\\/#primaryimage\"},\"image\":{\"@id\":\"https:\\\/\\\/haccponline.pl\\\/sklep\\\/produkt\\\/kreator-dokumentacja-ghp-gmp-gastronomia\\\/#primaryimage\"},\"thumbnailUrl\":\"https:\\\/\\\/haccponline.pl\\\/sklep\\\/wp-content\\\/uploads\\\/2018\\\/06\\\/haccp-product-thumb.webp\",\"datePublished\":\"2018-06-28T14:09:56+00:00\",\"dateModified\":\"2026-04-03T17:25:09+00:00\",\"description\":\"Dokumentacja haccp. Ksi\u0119ga jako\u015bci. Instrukcje, procedury ghp gmp. Wyznaczone punkty krytyczne. Kreator dokumentacji.\",\"breadcrumb\":{\"@id\":\"https:\\\/\\\/haccponline.pl\\\/sklep\\\/produkt\\\/kreator-dokumentacja-ghp-gmp-gastronomia\\\/#breadcrumb\"},\"inLanguage\":\"pl-PL\",\"potentialAction\":[{\"@type\":\"ReadAction\",\"target\":[\"https:\\\/\\\/haccponline.pl\\\/sklep\\\/produkt\\\/kreator-dokumentacja-ghp-gmp-gastronomia\\\/\"]}]},{\"@type\":\"ImageObject\",\"inLanguage\":\"pl-PL\",\"@id\":\"https:\\\/\\\/haccponline.pl\\\/sklep\\\/produkt\\\/kreator-dokumentacja-ghp-gmp-gastronomia\\\/#primaryimage\",\"url\":\"https:\\\/\\\/haccponline.pl\\\/sklep\\\/wp-content\\\/uploads\\\/2018\\\/06\\\/haccp-product-thumb.webp\",\"contentUrl\":\"https:\\\/\\\/haccponline.pl\\\/sklep\\\/wp-content\\\/uploads\\\/2018\\\/06\\\/haccp-product-thumb.webp\",\"width\":600,\"height\":600},{\"@type\":\"BreadcrumbList\",\"@id\":\"https:\\\/\\\/haccponline.pl\\\/sklep\\\/produkt\\\/kreator-dokumentacja-ghp-gmp-gastronomia\\\/#breadcrumb\",\"itemListElement\":[{\"@type\":\"ListItem\",\"position\":1,\"name\":\"Strona g\u0142\u00f3wna\",\"item\":\"https:\\\/\\\/haccponline.pl\\\/sklep\\\/\"},{\"@type\":\"ListItem\",\"position\":2,\"name\":\"PLATFORMA HACCP Online\",\"item\":\"https:\\\/\\\/haccponline.pl\\\/sklep\\\/haccp-online\\\/\"},{\"@type\":\"ListItem\",\"position\":3,\"name\":\"Kreator dokumentacji GHP\\\/GMP &#8211; Gastronomia\"}]},{\"@type\":\"WebSite\",\"@id\":\"https:\\\/\\\/haccponline.pl\\\/sklep\\\/#website\",\"url\":\"https:\\\/\\\/haccponline.pl\\\/sklep\\\/\",\"name\":\"HACCP Platforma szkoleniowa\",\"description\":\"HACCP Platforma szkoleniowa\",\"publisher\":{\"@id\":\"https:\\\/\\\/haccponline.pl\\\/sklep\\\/#organization\"},\"potentialAction\":[{\"@type\":\"SearchAction\",\"target\":{\"@type\":\"EntryPoint\",\"urlTemplate\":\"https:\\\/\\\/haccponline.pl\\\/sklep\\\/?s={search_term_string}\"},\"query-input\":{\"@type\":\"PropertyValueSpecification\",\"valueRequired\":true,\"valueName\":\"search_term_string\"}}],\"inLanguage\":\"pl-PL\"},{\"@type\":\"Organization\",\"@id\":\"https:\\\/\\\/haccponline.pl\\\/sklep\\\/#organization\",\"name\":\"HACCP ONLINE\",\"url\":\"https:\\\/\\\/haccponline.pl\\\/sklep\\\/\",\"logo\":{\"@type\":\"ImageObject\",\"inLanguage\":\"pl-PL\",\"@id\":\"https:\\\/\\\/haccponline.pl\\\/sklep\\\/#\\\/schema\\\/logo\\\/image\\\/\",\"url\":\"https:\\\/\\\/haccponline.pl\\\/sklep\\\/wp-content\\\/uploads\\\/2018\\\/06\\\/haccp.png\",\"contentUrl\":\"https:\\\/\\\/haccponline.pl\\\/sklep\\\/wp-content\\\/uploads\\\/2018\\\/06\\\/haccp.png\",\"width\":234,\"height\":58,\"caption\":\"HACCP ONLINE\"},\"image\":{\"@id\":\"https:\\\/\\\/haccponline.pl\\\/sklep\\\/#\\\/schema\\\/logo\\\/image\\\/\"},\"sameAs\":[\"https:\\\/\\\/www.facebook.com\\\/HaccpOnline\\\/\"]}]}<\/script>\n<!-- \/ Yoast SEO plugin. -->","yoast_head_json":{"title":"GMP GHP - kreator dokumentacji - HACCP Online","description":"Dokumentacja haccp. Ksi\u0119ga jako\u015bci. Instrukcje, procedury ghp gmp. Wyznaczone punkty krytyczne. Kreator dokumentacji.","robots":{"index":"index","follow":"follow","max-snippet":"max-snippet:-1","max-image-preview":"max-image-preview:large","max-video-preview":"max-video-preview:-1"},"canonical":"https:\/\/haccponline.pl\/sklep\/produkt\/kreator-dokumentacja-ghp-gmp-gastronomia\/","og_locale":"pl_PL","og_type":"article","og_title":"GMP GHP - kreator dokumentacji - HACCP Online","og_description":"Dokumentacja haccp. Ksi\u0119ga jako\u015bci. Instrukcje, procedury ghp gmp. Wyznaczone punkty krytyczne. Kreator dokumentacji.","og_url":"https:\/\/haccponline.pl\/sklep\/produkt\/kreator-dokumentacja-ghp-gmp-gastronomia\/","og_site_name":"HACCP Platforma szkoleniowa","article_publisher":"https:\/\/www.facebook.com\/HaccpOnline\/","article_modified_time":"2026-04-03T17:25:09+00:00","og_image":[{"width":600,"height":600,"url":"https:\/\/haccponline.pl\/sklep\/wp-content\/uploads\/2018\/06\/haccp-product-thumb.webp","type":"image\/webp"}],"twitter_card":"summary_large_image","twitter_misc":{"Szacowany czas czytania":"4 minuty"},"schema":{"@context":"https:\/\/schema.org","@graph":[{"@type":"WebPage","@id":"https:\/\/haccponline.pl\/sklep\/produkt\/kreator-dokumentacja-ghp-gmp-gastronomia\/","url":"https:\/\/haccponline.pl\/sklep\/produkt\/kreator-dokumentacja-ghp-gmp-gastronomia\/","name":"GMP GHP - kreator dokumentacji - HACCP Online","isPartOf":{"@id":"https:\/\/haccponline.pl\/sklep\/#website"},"primaryImageOfPage":{"@id":"https:\/\/haccponline.pl\/sklep\/produkt\/kreator-dokumentacja-ghp-gmp-gastronomia\/#primaryimage"},"image":{"@id":"https:\/\/haccponline.pl\/sklep\/produkt\/kreator-dokumentacja-ghp-gmp-gastronomia\/#primaryimage"},"thumbnailUrl":"https:\/\/haccponline.pl\/sklep\/wp-content\/uploads\/2018\/06\/haccp-product-thumb.webp","datePublished":"2018-06-28T14:09:56+00:00","dateModified":"2026-04-03T17:25:09+00:00","description":"Dokumentacja haccp. Ksi\u0119ga jako\u015bci. Instrukcje, procedury ghp gmp. Wyznaczone punkty krytyczne. Kreator dokumentacji.","breadcrumb":{"@id":"https:\/\/haccponline.pl\/sklep\/produkt\/kreator-dokumentacja-ghp-gmp-gastronomia\/#breadcrumb"},"inLanguage":"pl-PL","potentialAction":[{"@type":"ReadAction","target":["https:\/\/haccponline.pl\/sklep\/produkt\/kreator-dokumentacja-ghp-gmp-gastronomia\/"]}]},{"@type":"ImageObject","inLanguage":"pl-PL","@id":"https:\/\/haccponline.pl\/sklep\/produkt\/kreator-dokumentacja-ghp-gmp-gastronomia\/#primaryimage","url":"https:\/\/haccponline.pl\/sklep\/wp-content\/uploads\/2018\/06\/haccp-product-thumb.webp","contentUrl":"https:\/\/haccponline.pl\/sklep\/wp-content\/uploads\/2018\/06\/haccp-product-thumb.webp","width":600,"height":600},{"@type":"BreadcrumbList","@id":"https:\/\/haccponline.pl\/sklep\/produkt\/kreator-dokumentacja-ghp-gmp-gastronomia\/#breadcrumb","itemListElement":[{"@type":"ListItem","position":1,"name":"Strona g\u0142\u00f3wna","item":"https:\/\/haccponline.pl\/sklep\/"},{"@type":"ListItem","position":2,"name":"PLATFORMA HACCP Online","item":"https:\/\/haccponline.pl\/sklep\/haccp-online\/"},{"@type":"ListItem","position":3,"name":"Kreator dokumentacji GHP\/GMP &#8211; Gastronomia"}]},{"@type":"WebSite","@id":"https:\/\/haccponline.pl\/sklep\/#website","url":"https:\/\/haccponline.pl\/sklep\/","name":"HACCP Platforma szkoleniowa","description":"HACCP Platforma szkoleniowa","publisher":{"@id":"https:\/\/haccponline.pl\/sklep\/#organization"},"potentialAction":[{"@type":"SearchAction","target":{"@type":"EntryPoint","urlTemplate":"https:\/\/haccponline.pl\/sklep\/?s={search_term_string}"},"query-input":{"@type":"PropertyValueSpecification","valueRequired":true,"valueName":"search_term_string"}}],"inLanguage":"pl-PL"},{"@type":"Organization","@id":"https:\/\/haccponline.pl\/sklep\/#organization","name":"HACCP ONLINE","url":"https:\/\/haccponline.pl\/sklep\/","logo":{"@type":"ImageObject","inLanguage":"pl-PL","@id":"https:\/\/haccponline.pl\/sklep\/#\/schema\/logo\/image\/","url":"https:\/\/haccponline.pl\/sklep\/wp-content\/uploads\/2018\/06\/haccp.png","contentUrl":"https:\/\/haccponline.pl\/sklep\/wp-content\/uploads\/2018\/06\/haccp.png","width":234,"height":58,"caption":"HACCP ONLINE"},"image":{"@id":"https:\/\/haccponline.pl\/sklep\/#\/schema\/logo\/image\/"},"sameAs":["https:\/\/www.facebook.com\/HaccpOnline\/"]}]}},"_links":{"self":[{"href":"https:\/\/haccponline.pl\/sklep\/wp-json\/wp\/v2\/product\/25","targetHints":{"allow":["GET"]}}],"collection":[{"href":"https:\/\/haccponline.pl\/sklep\/wp-json\/wp\/v2\/product"}],"about":[{"href":"https:\/\/haccponline.pl\/sklep\/wp-json\/wp\/v2\/types\/product"}],"replies":[{"embeddable":true,"href":"https:\/\/haccponline.pl\/sklep\/wp-json\/wp\/v2\/comments?post=25"}],"wp:featuredmedia":[{"embeddable":true,"href":"https:\/\/haccponline.pl\/sklep\/wp-json\/wp\/v2\/media\/5838"}],"wp:attachment":[{"href":"https:\/\/haccponline.pl\/sklep\/wp-json\/wp\/v2\/media?parent=25"}],"wp:term":[{"taxonomy":"product_brand","embeddable":true,"href":"https:\/\/haccponline.pl\/sklep\/wp-json\/wp\/v2\/product_brand?post=25"},{"taxonomy":"product_cat","embeddable":true,"href":"https:\/\/haccponline.pl\/sklep\/wp-json\/wp\/v2\/product_cat?post=25"},{"taxonomy":"product_tag","embeddable":true,"href":"https:\/\/haccponline.pl\/sklep\/wp-json\/wp\/v2\/product_tag?post=25"}],"curies":[{"name":"wp","href":"https:\/\/api.w.org\/{rel}","templated":true}]}}