{"id":3761,"date":"2022-12-31T12:22:00","date_gmt":"2022-12-31T11:22:00","guid":{"rendered":"https:\/\/haccponline.pl\/sklep\/?post_type=product&#038;p=3761"},"modified":"2026-04-03T19:19:23","modified_gmt":"2026-04-03T17:19:23","slug":"kreator-dokumentacji-haccp-ghp-gmp-handel","status":"publish","type":"product","link":"https:\/\/haccponline.pl\/sklep\/produkt\/kreator-dokumentacji-haccp-ghp-gmp-handel\/","title":{"rendered":"Kreator dokumentacji HACCP\/GHP\/GMP &#8211; Handel"},"content":{"rendered":"<p><strong>Dokumentacja zawiera niezb\u0119dne minimum dla Sanepidu<\/strong><\/p>\n<ul>\n<li style=\"list-style-type: none;\">\n<ul>\n<li style=\"list-style-type: none;\">\n<ul>\n<li style=\"list-style-type: none;\">\n<ul>\n<li style=\"list-style-type: none;\">\n<ul>\n<li style=\"list-style-type: none;\">\n<ul>\n<li>Dost\u0119p do interaktywnego <strong>kreatora dokumentacji\u00a0<\/strong> &#8211; do samodzielnej konfiguracji, kt\u00f3ry umo\u017cliwia wygenerowanie w ok. <strong>15 minut<\/strong> kompletn\u0105 <strong>dokumentacj\u0119 HACCP\/GHP\/GMP<\/strong>. Odpowiadaj\u0105c na proste pytania otrzymujesz natychmiast automatycznie dokumentacj\u0119 dostosowan\u0105 do Twojej plac\u00f3wki!<\/li>\n<li>Dokumentacja zawiera wszystkie wymagane procedury i instrukcje HACCP\/GHP\/GMP\/ Alergeny, z analiz\u0105 zagro\u017ce\u0144 , wyznaczonymi punktami krytycznymi (CCP) i\/lub punktami kontrolnymi (CP), diagramami proces\u00f3w technologicznych, weryfikacj\u0105 systemu oraz checklist\u0105 audytow\u0105 na podstawie wymaga\u0144 <strong>Sanepidu<\/strong>.<br \/>\n<strong>Uwaga:<\/strong> Z analizy zagro\u017ce\u0144 wynikaj\u0105 procedury dobrych praktyk (GHP\/GMP) oraz punkty krytyczne (CCP) lub kontrolne (CP) zgodnie z wymaganiami SANEPIDU.<\/li>\n<li>Przeznaczona dla ma\u0142ych sklep\u00f3w og\u00f3lnospo\u017cywczych dzia\u0142aj\u0105cych standardowo w jednej lokalizacji.<\/li>\n<li>Konsultacja zdalna tylko w zakresie obs\u0142ugi kreatora dokumentacji &#8211; telefon, e-mail.<\/li>\n<\/ul>\n<\/li>\n<\/ul>\n<ul>\n<li><strong>Termin realizacji<\/strong>: kreator zostanie udost\u0119pniony w ci\u0105gu <strong>2 dni roboczych<\/strong> po zakupie.<\/li>\n<li><strong>Brak gwarancji<\/strong> na poprawno\u015b\u0107 samodzielnie skonfigurowanej dokumentacji, np. w przypadku kontroli Sanepidu.<\/li>\n<\/ul>\n<div class=\"wcinfo shift\"><strong>Uwaga: <\/strong>Podczas zakupu \u2013 w FORMULARZU ZAM\u00d3WIENIA prosimy kr\u00f3tko opisa\u0107 rodzaj prowadzonej dzia\u0142alno\u015bci &#8211; na tej podstawie przydzielimy wst\u0119pnie dostosowany do specyfiki plac\u00f3wki kreator dokumentacji.<\/div>\n<\/li>\n<\/ul>\n<\/li>\n<\/ul>\n<\/li>\n<\/ul>\n<\/li>\n<\/ul>\n","protected":false},"excerpt":{"rendered":"<ul>\n<li style=\"list-style-type: none;\">\n<ul>\n<li>Kreator dokumentacji\u00a0 HACCP\/GHP\/GMP dla ma\u0142ych punkt\u00f3w handlowych.<\/li>\n<li>Do samodzielnej konfiguracji w ok. 15 min.<\/li>\n<li>Procedura alergen\u00f3w GRATIS.<\/li>\n<li>Dokumentacja do pobrania natychmiast (PDF).<\/li>\n<\/ul>\n<\/li>\n<\/ul>\n<div class=\"wcinfo shift\"><strong>Uwaga:<\/strong> Podana cena dotyczy tylko typ\u00f3w plac\u00f3wek wymienionych w opisie poni\u017cej. W pozosta\u0142ych przypadkach prosimy o <a href=\"https:\/\/haccponline.pl\/kontakt\/\" target=\"_blank\" rel=\"noopener noreferrer\">kontakt pod numerem 512 225 206<\/a><\/div>\n","protected":false},"featured_media":5838,"comment_status":"closed","ping_status":"closed","template":"","meta":{"site-sidebar-layout":"default","site-content-layout":"","ast-site-content-layout":"default","site-content-style":"default","site-sidebar-style":"default","ast-global-header-display":"","ast-banner-title-visibility":"","ast-main-header-display":"","ast-hfb-above-header-display":"","ast-hfb-below-header-display":"","ast-hfb-mobile-header-display":"","site-post-title":"","ast-breadcrumbs-content":"","ast-featured-img":"","footer-sml-layout":"","ast-disable-related-posts":"","theme-transparent-header-meta":"default","adv-header-id-meta":"","stick-header-meta":"","header-above-stick-meta":"","header-main-stick-meta":"","header-below-stick-meta":"","astra-migrate-meta-layouts":"set","ast-page-background-enabled":"default","ast-page-background-meta":{"desktop":{"background-color":"var(--ast-global-color-4)","background-image":"","background-repeat":"repeat","background-position":"center center","background-size":"auto","background-attachment":"scroll","background-type":"","background-media":"","overlay-type":"","overlay-color":"","overlay-opacity":"","overlay-gradient":""},"tablet":{"background-color":"","background-image":"","background-repeat":"repeat","background-position":"center center","background-size":"auto","background-attachment":"scroll","background-type":"","background-media":"","overlay-type":"","overlay-color":"","overlay-opacity":"","overlay-gradient":""},"mobile":{"background-color":"","background-image":"","background-repeat":"repeat","background-position":"center center","background-size":"auto","background-attachment":"scroll","background-type":"","background-media":"","overlay-type":"","overlay-color":"","overlay-opacity":"","overlay-gradient":""}},"ast-content-background-meta":{"desktop":{"background-color":"var(--ast-global-color-5)","background-image":"","background-repeat":"repeat","background-position":"center center","background-size":"auto","background-attachment":"scroll","background-type":"","background-media":"","overlay-type":"","overlay-color":"","overlay-opacity":"","overlay-gradient":""},"tablet":{"background-color":"var(--ast-global-color-5)","background-image":"","background-repeat":"repeat","background-position":"center center","background-size":"auto","background-attachment":"scroll","background-type":"","background-media":"","overlay-type":"","overlay-color":"","overlay-opacity":"","overlay-gradient":""},"mobile":{"background-color":"var(--ast-global-color-5)","background-image":"","background-repeat":"repeat","background-position":"center center","background-size":"auto","background-attachment":"scroll","background-type":"","background-media":"","overlay-type":"","overlay-color":"","overlay-opacity":"","overlay-gradient":""}}},"product_brand":[],"product_cat":[24],"product_tag":[25,28,26],"class_list":{"0":"post-3761","1":"product","2":"type-product","3":"status-publish","4":"has-post-thumbnail","6":"product_cat-dokumentacja","7":"product_tag-dokumentacja-haccp","8":"product_tag-audyt-haccp","9":"product_tag-szkolenie-haccp","10":"desktop-align-center","11":"tablet-align-left","12":"mobile-align-left","14":"first","15":"instock","16":"virtual","17":"taxable","18":"purchasable","19":"product-type-simple"},"yoast_head":"<!-- This site is optimized with the Yoast SEO plugin v27.3 - https:\/\/yoast.com\/product\/yoast-seo-wordpress\/ -->\n<title>Kreator dokumentacji HACCP\/GHP\/GMP - Handel | HACCP Platforma szkoleniowa<\/title>\n<meta name=\"description\" content=\"Dokumentacja HACCP\/GHP\/GMP. Niezb\u0119dne minimum dla Sanepidu.\" \/>\n<meta name=\"robots\" content=\"index, follow, max-snippet:-1, max-image-preview:large, max-video-preview:-1\" \/>\n<link rel=\"canonical\" href=\"https:\/\/haccponline.pl\/sklep\/produkt\/kreator-dokumentacji-haccp-ghp-gmp-handel\/\" \/>\n<meta property=\"og:locale\" content=\"pl_PL\" \/>\n<meta property=\"og:type\" content=\"article\" \/>\n<meta property=\"og:title\" content=\"Kreator dokumentacji HACCP\/GHP\/GMP - Handel | HACCP Platforma szkoleniowa\" \/>\n<meta property=\"og:description\" content=\"Dokumentacja HACCP\/GHP\/GMP. Niezb\u0119dne minimum dla Sanepidu.\" \/>\n<meta property=\"og:url\" content=\"https:\/\/haccponline.pl\/sklep\/produkt\/kreator-dokumentacji-haccp-ghp-gmp-handel\/\" \/>\n<meta property=\"og:site_name\" content=\"HACCP Platforma szkoleniowa\" \/>\n<meta property=\"article:publisher\" content=\"https:\/\/www.facebook.com\/HaccpOnline\/\" \/>\n<meta property=\"article:modified_time\" content=\"2026-04-03T17:19:23+00:00\" \/>\n<meta property=\"og:image\" content=\"https:\/\/haccponline.pl\/sklep\/wp-content\/uploads\/2018\/06\/haccp-product-thumb.webp\" \/>\n\t<meta property=\"og:image:width\" content=\"600\" \/>\n\t<meta property=\"og:image:height\" content=\"600\" \/>\n\t<meta property=\"og:image:type\" content=\"image\/webp\" \/>\n<meta name=\"twitter:card\" content=\"summary_large_image\" \/>\n<meta name=\"twitter:label1\" content=\"Szacowany czas czytania\" \/>\n\t<meta name=\"twitter:data1\" content=\"2 minuty\" \/>\n<script type=\"application\/ld+json\" class=\"yoast-schema-graph\">{\"@context\":\"https:\\\/\\\/schema.org\",\"@graph\":[{\"@type\":\"WebPage\",\"@id\":\"https:\\\/\\\/haccponline.pl\\\/sklep\\\/produkt\\\/kreator-dokumentacji-haccp-ghp-gmp-handel\\\/\",\"url\":\"https:\\\/\\\/haccponline.pl\\\/sklep\\\/produkt\\\/kreator-dokumentacji-haccp-ghp-gmp-handel\\\/\",\"name\":\"Kreator dokumentacji HACCP\\\/GHP\\\/GMP - Handel | HACCP Platforma szkoleniowa\",\"isPartOf\":{\"@id\":\"https:\\\/\\\/haccponline.pl\\\/sklep\\\/#website\"},\"primaryImageOfPage\":{\"@id\":\"https:\\\/\\\/haccponline.pl\\\/sklep\\\/produkt\\\/kreator-dokumentacji-haccp-ghp-gmp-handel\\\/#primaryimage\"},\"image\":{\"@id\":\"https:\\\/\\\/haccponline.pl\\\/sklep\\\/produkt\\\/kreator-dokumentacji-haccp-ghp-gmp-handel\\\/#primaryimage\"},\"thumbnailUrl\":\"https:\\\/\\\/haccponline.pl\\\/sklep\\\/wp-content\\\/uploads\\\/2018\\\/06\\\/haccp-product-thumb.webp\",\"datePublished\":\"2022-12-31T11:22:00+00:00\",\"dateModified\":\"2026-04-03T17:19:23+00:00\",\"description\":\"Dokumentacja HACCP\\\/GHP\\\/GMP. Niezb\u0119dne minimum dla Sanepidu.\",\"breadcrumb\":{\"@id\":\"https:\\\/\\\/haccponline.pl\\\/sklep\\\/produkt\\\/kreator-dokumentacji-haccp-ghp-gmp-handel\\\/#breadcrumb\"},\"inLanguage\":\"pl-PL\",\"potentialAction\":[{\"@type\":\"ReadAction\",\"target\":[\"https:\\\/\\\/haccponline.pl\\\/sklep\\\/produkt\\\/kreator-dokumentacji-haccp-ghp-gmp-handel\\\/\"]}]},{\"@type\":\"ImageObject\",\"inLanguage\":\"pl-PL\",\"@id\":\"https:\\\/\\\/haccponline.pl\\\/sklep\\\/produkt\\\/kreator-dokumentacji-haccp-ghp-gmp-handel\\\/#primaryimage\",\"url\":\"https:\\\/\\\/haccponline.pl\\\/sklep\\\/wp-content\\\/uploads\\\/2018\\\/06\\\/haccp-product-thumb.webp\",\"contentUrl\":\"https:\\\/\\\/haccponline.pl\\\/sklep\\\/wp-content\\\/uploads\\\/2018\\\/06\\\/haccp-product-thumb.webp\",\"width\":600,\"height\":600},{\"@type\":\"BreadcrumbList\",\"@id\":\"https:\\\/\\\/haccponline.pl\\\/sklep\\\/produkt\\\/kreator-dokumentacji-haccp-ghp-gmp-handel\\\/#breadcrumb\",\"itemListElement\":[{\"@type\":\"ListItem\",\"position\":1,\"name\":\"Strona g\u0142\u00f3wna\",\"item\":\"https:\\\/\\\/haccponline.pl\\\/sklep\\\/\"},{\"@type\":\"ListItem\",\"position\":2,\"name\":\"PLATFORMA HACCP Online\",\"item\":\"https:\\\/\\\/haccponline.pl\\\/sklep\\\/haccp-online\\\/\"},{\"@type\":\"ListItem\",\"position\":3,\"name\":\"Kreator dokumentacji HACCP\\\/GHP\\\/GMP &#8211; Handel\"}]},{\"@type\":\"WebSite\",\"@id\":\"https:\\\/\\\/haccponline.pl\\\/sklep\\\/#website\",\"url\":\"https:\\\/\\\/haccponline.pl\\\/sklep\\\/\",\"name\":\"HACCP Platforma szkoleniowa\",\"description\":\"HACCP Platforma szkoleniowa\",\"publisher\":{\"@id\":\"https:\\\/\\\/haccponline.pl\\\/sklep\\\/#organization\"},\"potentialAction\":[{\"@type\":\"SearchAction\",\"target\":{\"@type\":\"EntryPoint\",\"urlTemplate\":\"https:\\\/\\\/haccponline.pl\\\/sklep\\\/?s={search_term_string}\"},\"query-input\":{\"@type\":\"PropertyValueSpecification\",\"valueRequired\":true,\"valueName\":\"search_term_string\"}}],\"inLanguage\":\"pl-PL\"},{\"@type\":\"Organization\",\"@id\":\"https:\\\/\\\/haccponline.pl\\\/sklep\\\/#organization\",\"name\":\"HACCP ONLINE\",\"url\":\"https:\\\/\\\/haccponline.pl\\\/sklep\\\/\",\"logo\":{\"@type\":\"ImageObject\",\"inLanguage\":\"pl-PL\",\"@id\":\"https:\\\/\\\/haccponline.pl\\\/sklep\\\/#\\\/schema\\\/logo\\\/image\\\/\",\"url\":\"https:\\\/\\\/haccponline.pl\\\/sklep\\\/wp-content\\\/uploads\\\/2018\\\/06\\\/haccp.png\",\"contentUrl\":\"https:\\\/\\\/haccponline.pl\\\/sklep\\\/wp-content\\\/uploads\\\/2018\\\/06\\\/haccp.png\",\"width\":234,\"height\":58,\"caption\":\"HACCP ONLINE\"},\"image\":{\"@id\":\"https:\\\/\\\/haccponline.pl\\\/sklep\\\/#\\\/schema\\\/logo\\\/image\\\/\"},\"sameAs\":[\"https:\\\/\\\/www.facebook.com\\\/HaccpOnline\\\/\"]}]}<\/script>\n<!-- \/ Yoast SEO plugin. -->","yoast_head_json":{"title":"Kreator dokumentacji HACCP\/GHP\/GMP - Handel | HACCP Platforma szkoleniowa","description":"Dokumentacja HACCP\/GHP\/GMP. Niezb\u0119dne minimum dla Sanepidu.","robots":{"index":"index","follow":"follow","max-snippet":"max-snippet:-1","max-image-preview":"max-image-preview:large","max-video-preview":"max-video-preview:-1"},"canonical":"https:\/\/haccponline.pl\/sklep\/produkt\/kreator-dokumentacji-haccp-ghp-gmp-handel\/","og_locale":"pl_PL","og_type":"article","og_title":"Kreator dokumentacji HACCP\/GHP\/GMP - Handel | HACCP Platforma szkoleniowa","og_description":"Dokumentacja HACCP\/GHP\/GMP. Niezb\u0119dne minimum dla Sanepidu.","og_url":"https:\/\/haccponline.pl\/sklep\/produkt\/kreator-dokumentacji-haccp-ghp-gmp-handel\/","og_site_name":"HACCP Platforma szkoleniowa","article_publisher":"https:\/\/www.facebook.com\/HaccpOnline\/","article_modified_time":"2026-04-03T17:19:23+00:00","og_image":[{"width":600,"height":600,"url":"https:\/\/haccponline.pl\/sklep\/wp-content\/uploads\/2018\/06\/haccp-product-thumb.webp","type":"image\/webp"}],"twitter_card":"summary_large_image","twitter_misc":{"Szacowany czas czytania":"2 minuty"},"schema":{"@context":"https:\/\/schema.org","@graph":[{"@type":"WebPage","@id":"https:\/\/haccponline.pl\/sklep\/produkt\/kreator-dokumentacji-haccp-ghp-gmp-handel\/","url":"https:\/\/haccponline.pl\/sklep\/produkt\/kreator-dokumentacji-haccp-ghp-gmp-handel\/","name":"Kreator dokumentacji HACCP\/GHP\/GMP - Handel | HACCP Platforma szkoleniowa","isPartOf":{"@id":"https:\/\/haccponline.pl\/sklep\/#website"},"primaryImageOfPage":{"@id":"https:\/\/haccponline.pl\/sklep\/produkt\/kreator-dokumentacji-haccp-ghp-gmp-handel\/#primaryimage"},"image":{"@id":"https:\/\/haccponline.pl\/sklep\/produkt\/kreator-dokumentacji-haccp-ghp-gmp-handel\/#primaryimage"},"thumbnailUrl":"https:\/\/haccponline.pl\/sklep\/wp-content\/uploads\/2018\/06\/haccp-product-thumb.webp","datePublished":"2022-12-31T11:22:00+00:00","dateModified":"2026-04-03T17:19:23+00:00","description":"Dokumentacja HACCP\/GHP\/GMP. Niezb\u0119dne minimum dla Sanepidu.","breadcrumb":{"@id":"https:\/\/haccponline.pl\/sklep\/produkt\/kreator-dokumentacji-haccp-ghp-gmp-handel\/#breadcrumb"},"inLanguage":"pl-PL","potentialAction":[{"@type":"ReadAction","target":["https:\/\/haccponline.pl\/sklep\/produkt\/kreator-dokumentacji-haccp-ghp-gmp-handel\/"]}]},{"@type":"ImageObject","inLanguage":"pl-PL","@id":"https:\/\/haccponline.pl\/sklep\/produkt\/kreator-dokumentacji-haccp-ghp-gmp-handel\/#primaryimage","url":"https:\/\/haccponline.pl\/sklep\/wp-content\/uploads\/2018\/06\/haccp-product-thumb.webp","contentUrl":"https:\/\/haccponline.pl\/sklep\/wp-content\/uploads\/2018\/06\/haccp-product-thumb.webp","width":600,"height":600},{"@type":"BreadcrumbList","@id":"https:\/\/haccponline.pl\/sklep\/produkt\/kreator-dokumentacji-haccp-ghp-gmp-handel\/#breadcrumb","itemListElement":[{"@type":"ListItem","position":1,"name":"Strona g\u0142\u00f3wna","item":"https:\/\/haccponline.pl\/sklep\/"},{"@type":"ListItem","position":2,"name":"PLATFORMA HACCP Online","item":"https:\/\/haccponline.pl\/sklep\/haccp-online\/"},{"@type":"ListItem","position":3,"name":"Kreator dokumentacji HACCP\/GHP\/GMP &#8211; Handel"}]},{"@type":"WebSite","@id":"https:\/\/haccponline.pl\/sklep\/#website","url":"https:\/\/haccponline.pl\/sklep\/","name":"HACCP Platforma szkoleniowa","description":"HACCP Platforma szkoleniowa","publisher":{"@id":"https:\/\/haccponline.pl\/sklep\/#organization"},"potentialAction":[{"@type":"SearchAction","target":{"@type":"EntryPoint","urlTemplate":"https:\/\/haccponline.pl\/sklep\/?s={search_term_string}"},"query-input":{"@type":"PropertyValueSpecification","valueRequired":true,"valueName":"search_term_string"}}],"inLanguage":"pl-PL"},{"@type":"Organization","@id":"https:\/\/haccponline.pl\/sklep\/#organization","name":"HACCP ONLINE","url":"https:\/\/haccponline.pl\/sklep\/","logo":{"@type":"ImageObject","inLanguage":"pl-PL","@id":"https:\/\/haccponline.pl\/sklep\/#\/schema\/logo\/image\/","url":"https:\/\/haccponline.pl\/sklep\/wp-content\/uploads\/2018\/06\/haccp.png","contentUrl":"https:\/\/haccponline.pl\/sklep\/wp-content\/uploads\/2018\/06\/haccp.png","width":234,"height":58,"caption":"HACCP ONLINE"},"image":{"@id":"https:\/\/haccponline.pl\/sklep\/#\/schema\/logo\/image\/"},"sameAs":["https:\/\/www.facebook.com\/HaccpOnline\/"]}]}},"_links":{"self":[{"href":"https:\/\/haccponline.pl\/sklep\/wp-json\/wp\/v2\/product\/3761","targetHints":{"allow":["GET"]}}],"collection":[{"href":"https:\/\/haccponline.pl\/sklep\/wp-json\/wp\/v2\/product"}],"about":[{"href":"https:\/\/haccponline.pl\/sklep\/wp-json\/wp\/v2\/types\/product"}],"replies":[{"embeddable":true,"href":"https:\/\/haccponline.pl\/sklep\/wp-json\/wp\/v2\/comments?post=3761"}],"wp:featuredmedia":[{"embeddable":true,"href":"https:\/\/haccponline.pl\/sklep\/wp-json\/wp\/v2\/media\/5838"}],"wp:attachment":[{"href":"https:\/\/haccponline.pl\/sklep\/wp-json\/wp\/v2\/media?parent=3761"}],"wp:term":[{"taxonomy":"product_brand","embeddable":true,"href":"https:\/\/haccponline.pl\/sklep\/wp-json\/wp\/v2\/product_brand?post=3761"},{"taxonomy":"product_cat","embeddable":true,"href":"https:\/\/haccponline.pl\/sklep\/wp-json\/wp\/v2\/product_cat?post=3761"},{"taxonomy":"product_tag","embeddable":true,"href":"https:\/\/haccponline.pl\/sklep\/wp-json\/wp\/v2\/product_tag?post=3761"}],"curies":[{"name":"wp","href":"https:\/\/api.w.org\/{rel}","templated":true}]}}