{"id":9,"date":"2018-06-28T16:00:58","date_gmt":"2018-06-28T14:00:58","guid":{"rendered":"http:\/\/nowa.haccp-szkolenia.pl\/?post_type=product&#038;p=9"},"modified":"2024-10-20T01:11:04","modified_gmt":"2024-10-19T23:11:04","slug":"szkolenie-haccp-start","status":"publish","type":"product","link":"https:\/\/haccponline.pl\/sklep\/produkt\/szkolenie-haccp-start\/","title":{"rendered":"Szkolenie HACCP Start"},"content":{"rendered":"<p>Szkolenie HACCP\/GHP\/GMP\u00a0 w sektorze spo\u017cywczym. Kurs og\u00f3lny w zakresie podstawowych aspekt\u00f3w wdra\u017cania zasad systemu bezpiecze\u0144stwa \u017cywno\u015bci, zasad systemu HACCP i dobrych praktyk. Szkolenie dla os\u00f3b pracuj\u0105cych w sektorze \u017cywno\u015bciowym, np. transporcie, produkcji \u017cywno\u015bci.<\/p>\n<div class=\"wcinfo now\">Szkolenie dost\u0119pne bezpo\u015brednio po zakupie<\/div>\n<h2><\/h2>\n<h2>Dobre praktyki produkcyjne i higieniczne w Twojej firmie<\/h2>\n<p><span style=\"font-weight: 400;\">Znajomo\u015b\u0107 zasad <\/span><b>HACCP\/GHP\/GMP<\/b><span style=\"font-weight: 400;\">, czyli w\u0142a\u015bnie Dobrych Praktyk Produkcyjnych (z ang. <\/span><i><span style=\"font-weight: 400;\">Good Manufacturing Practice<\/span><\/i><span style=\"font-weight: 400;\">) i Dobrych Praktyk Higienicznych (z ang. Good Hygienic Practice), to wbrew pozorom wiedza u\u017cyteczna nie tylko dla przedsi\u0119biorstw produkcyjnych, ale tak\u017ce handlowych, czy dystrybucyjnych. <\/span><b>Szkolenie HACCP\/GHP\/GMP<\/b><span style=\"font-weight: 400;\"> obejmuje bowiem zagadnienia zwi\u0105zane z:<\/span><\/p>\n<ul>\n<li style=\"font-weight: 400;\" aria-level=\"1\"><span style=\"font-weight: 400;\">jako\u015bci\u0105 surowc\u00f3w,<\/span><\/li>\n<li style=\"font-weight: 400;\" aria-level=\"1\"><span style=\"font-weight: 400;\">identyfikacj\u0105 dostawc\u00f3w i wyrob\u00f3w gotowych,<\/span><\/li>\n<li style=\"font-weight: 400;\" aria-level=\"1\"><span style=\"font-weight: 400;\">przechowywanie wyrob\u00f3w gotowych oraz ich jako\u015b\u0107,<\/span><\/li>\n<li style=\"font-weight: 400;\" aria-level=\"1\"><span style=\"font-weight: 400;\">za\u0142o\u017cenia proces\u00f3w technologicznych w etapie produkcyjnym,<\/span><\/li>\n<li style=\"font-weight: 400;\" aria-level=\"1\"><span style=\"font-weight: 400;\">przestrzeganie zasad BHP zar\u00f3wno podczas produkcji, jak i przechowywania wyrob\u00f3w, czy surowc\u00f3w,<\/span><\/li>\n<li style=\"font-weight: 400;\" aria-level=\"1\"><span style=\"font-weight: 400;\">dba\u0142o\u015b\u0107 o dobry stan techniczny maszyn,\u00a0<\/span><\/li>\n<li style=\"font-weight: 400;\" aria-level=\"1\"><span style=\"font-weight: 400;\">kontrola stanu zdrowia zatrudnianego personelu.<\/span><\/li>\n<\/ul>\n<h2>Do kogo kierowane jest szkolenie HACCP\/GHP\/GMP?<\/h2>\n<p><span style=\"font-weight: 400;\">Wiedza przekazywana podczas<\/span><b> szkoleni<\/b><span style=\"font-weight: 400;\">a z HACCP\/GHP\/<\/span><b>GMP<\/b><span style=\"font-weight: 400;\">, ze wzgl\u0119du na sw\u00f3j szeroki zakres, kierowana jest do pracownik\u00f3w ka\u017cdego szczebla firm zajmuj\u0105cych si\u0119 zar\u00f3wno wytwarzaniem \u017cywno\u015bci, jak i produkcj\u0105 gotowych produkt\u00f3w oraz przedsi\u0119biorstw je dystrybuuj\u0105cych, oraz magazynuj\u0105cych. <\/span><b>Szkolenie HACCP\/GHP\/GMP<\/b><span style=\"font-weight: 400;\"> to podstawowa wiedza z zasad niezb\u0119dnych do zastosowania w lokalach gastronomicznych, hotelach sklepach z \u017cywno\u015bci\u0105, czy aptekach, ale przede wszystkim w przedsi\u0119biorstwach produkcyjnych z bran\u017c spo\u017cywczych. Standardy zwi\u0105zane z Dobrymi Praktykami Produkcyjnymi i Higienicznymi s\u0105 unormowane prawnie &#8211; zgodno\u015b\u0107 z zasadami GHP\/GMP opisana zosta\u0142a zar\u00f3wno w prawie polskim, jak i Unii Europejskiej. Dlatego te\u017c, <\/span><b>szkolenie HACCP\/GHP\/GMP <\/b><span style=\"font-weight: 400;\">to nie tylko szansa na rozw\u00f3j Twojego przedsi\u0119biorstwa, ale przede wszystkim &#8211; konieczno\u015b\u0107 jego funkcjonowania na najwy\u017cszym poziomie. Nie zwlekaj &#8211; zapisz si\u0119 na nasze <\/span><b>szkolenie HACCP\/GHP\/GMP<\/b><span style=\"font-weight: 400;\"> ju\u017c dzi\u015b &#8211; po uko\u0144czeniu otrzymasz certyfikat zar\u00f3wno w j\u0119zyku polskim jak i angielskim. Szkolenie dost\u0119pne jest online od razu po op\u0142aceniu, dlatego mo\u017cesz przej\u015b\u0107 kurs wygodnie o ka\u017cdej porze dnia i nocy, bez konieczno\u015bci wychodzenia z domu, czy miejsca pracy.<\/span><\/p>\n","protected":false},"excerpt":{"rendered":"<ul>\n<li>Szkolenie og\u00f3lne z zasad HACCP\/GHP\/GMP<\/li>\n<li>Certyfikat w j\u0119zyku polskim i angielskim<\/li>\n<li>Przeznaczone dla pracownik\u00f3w w sektorze \u017cywno\u015bciowym<\/li>\n<\/ul>\n","protected":false},"featured_media":5838,"comment_status":"closed","ping_status":"closed","template":"","meta":{"site-sidebar-layout":"default","site-content-layout":"","ast-site-content-layout":"default","site-content-style":"default","site-sidebar-style":"default","ast-global-header-display":"","ast-banner-title-visibility":"","ast-main-header-display":"","ast-hfb-above-header-display":"","ast-hfb-below-header-display":"","ast-hfb-mobile-header-display":"","site-post-title":"","ast-breadcrumbs-content":"","ast-featured-img":"","footer-sml-layout":"","ast-disable-related-posts":"","theme-transparent-header-meta":"default","adv-header-id-meta":"","stick-header-meta":"","header-above-stick-meta":"","header-main-stick-meta":"","header-below-stick-meta":"","astra-migrate-meta-layouts":"set","ast-page-background-enabled":"default","ast-page-background-meta":{"desktop":{"background-color":"var(--ast-global-color-4)","background-image":"","background-repeat":"repeat","background-position":"center center","background-size":"auto","background-attachment":"scroll","background-type":"","background-media":"","overlay-type":"","overlay-color":"","overlay-opacity":"","overlay-gradient":""},"tablet":{"background-color":"","background-image":"","background-repeat":"repeat","background-position":"center center","background-size":"auto","background-attachment":"scroll","background-type":"","background-media":"","overlay-type":"","overlay-color":"","overlay-opacity":"","overlay-gradient":""},"mobile":{"background-color":"","background-image":"","background-repeat":"repeat","background-position":"center center","background-size":"auto","background-attachment":"scroll","background-type":"","background-media":"","overlay-type":"","overlay-color":"","overlay-opacity":"","overlay-gradient":""}},"ast-content-background-meta":{"desktop":{"background-color":"var(--ast-global-color-5)","background-image":"","background-repeat":"repeat","background-position":"center center","background-size":"auto","background-attachment":"scroll","background-type":"","background-media":"","overlay-type":"","overlay-color":"","overlay-opacity":"","overlay-gradient":""},"tablet":{"background-color":"var(--ast-global-color-5)","background-image":"","background-repeat":"repeat","background-position":"center center","background-size":"auto","background-attachment":"scroll","background-type":"","background-media":"","overlay-type":"","overlay-color":"","overlay-opacity":"","overlay-gradient":""},"mobile":{"background-color":"var(--ast-global-color-5)","background-image":"","background-repeat":"repeat","background-position":"center center","background-size":"auto","background-attachment":"scroll","background-type":"","background-media":"","overlay-type":"","overlay-color":"","overlay-opacity":"","overlay-gradient":""}}},"product_brand":[],"product_cat":[15],"product_tag":[26],"class_list":{"0":"post-9","1":"product","2":"type-product","3":"status-publish","4":"has-post-thumbnail","6":"product_cat-szkolenia-online","7":"product_tag-szkolenie-haccp","8":"desktop-align-center","9":"tablet-align-left","10":"mobile-align-left","12":"first","13":"instock","14":"virtual","15":"taxable","16":"purchasable","17":"product-type-simple"},"yoast_head":"<!-- This site is optimized with the Yoast SEO plugin v27.3 - https:\/\/yoast.com\/product\/yoast-seo-wordpress\/ -->\n<title>Szkolenie GMP online | Sprawd\u017a ofert\u0119 naszych kurs\u00f3w \u2705 - HACCP Online<\/title>\n<meta name=\"description\" content=\"W\u0142a\u015bnie otwierasz swoj\u0105 dzia\u0142alno\u015b\u0107 w bran\u017cy spo\u017cywczej? Profesjonalne szkolenia na start z systemu HACCP\/GHP\/GMP dla Ciebie i Twoich pracownik\u00f3w tylko na HACCPOnline. Gwarancja zadowolenia oraz certyfikatu w j\u0119zyku polskim i angielskim. Zapraszamy.\" \/>\n<meta name=\"robots\" content=\"index, follow, max-snippet:-1, max-image-preview:large, max-video-preview:-1\" \/>\n<link rel=\"canonical\" href=\"https:\/\/haccponline.pl\/sklep\/produkt\/szkolenie-haccp-start\/\" \/>\n<meta property=\"og:locale\" content=\"pl_PL\" \/>\n<meta property=\"og:type\" content=\"article\" \/>\n<meta property=\"og:title\" content=\"Szkolenie GMP online | Sprawd\u017a ofert\u0119 naszych kurs\u00f3w \u2705 - HACCP Online\" \/>\n<meta property=\"og:description\" content=\"W\u0142a\u015bnie otwierasz swoj\u0105 dzia\u0142alno\u015b\u0107 w bran\u017cy spo\u017cywczej? Profesjonalne szkolenia na start z systemu HACCP\/GHP\/GMP dla Ciebie i Twoich pracownik\u00f3w tylko na HACCPOnline. Gwarancja zadowolenia oraz certyfikatu w j\u0119zyku polskim i angielskim. Zapraszamy.\" \/>\n<meta property=\"og:url\" content=\"https:\/\/haccponline.pl\/sklep\/produkt\/szkolenie-haccp-start\/\" \/>\n<meta property=\"og:site_name\" content=\"HACCP Platforma szkoleniowa\" \/>\n<meta property=\"article:publisher\" content=\"https:\/\/www.facebook.com\/HaccpOnline\/\" \/>\n<meta property=\"article:modified_time\" content=\"2024-10-19T23:11:04+00:00\" \/>\n<meta property=\"og:image\" content=\"https:\/\/haccponline.pl\/sklep\/wp-content\/uploads\/2018\/06\/haccp-product-thumb.webp\" \/>\n\t<meta property=\"og:image:width\" content=\"600\" \/>\n\t<meta property=\"og:image:height\" content=\"600\" \/>\n\t<meta property=\"og:image:type\" content=\"image\/webp\" \/>\n<meta name=\"twitter:card\" content=\"summary_large_image\" \/>\n<meta name=\"twitter:label1\" content=\"Szacowany czas czytania\" \/>\n\t<meta name=\"twitter:data1\" content=\"2 minuty\" \/>\n<script type=\"application\/ld+json\" class=\"yoast-schema-graph\">{\"@context\":\"https:\\\/\\\/schema.org\",\"@graph\":[{\"@type\":\"WebPage\",\"@id\":\"https:\\\/\\\/haccponline.pl\\\/sklep\\\/produkt\\\/szkolenie-haccp-start\\\/\",\"url\":\"https:\\\/\\\/haccponline.pl\\\/sklep\\\/produkt\\\/szkolenie-haccp-start\\\/\",\"name\":\"Szkolenie GMP online | Sprawd\u017a ofert\u0119 naszych kurs\u00f3w \u2705 - HACCP Online\",\"isPartOf\":{\"@id\":\"https:\\\/\\\/haccponline.pl\\\/sklep\\\/#website\"},\"primaryImageOfPage\":{\"@id\":\"https:\\\/\\\/haccponline.pl\\\/sklep\\\/produkt\\\/szkolenie-haccp-start\\\/#primaryimage\"},\"image\":{\"@id\":\"https:\\\/\\\/haccponline.pl\\\/sklep\\\/produkt\\\/szkolenie-haccp-start\\\/#primaryimage\"},\"thumbnailUrl\":\"https:\\\/\\\/haccponline.pl\\\/sklep\\\/wp-content\\\/uploads\\\/2018\\\/06\\\/haccp-product-thumb.webp\",\"datePublished\":\"2018-06-28T14:00:58+00:00\",\"dateModified\":\"2024-10-19T23:11:04+00:00\",\"description\":\"W\u0142a\u015bnie otwierasz swoj\u0105 dzia\u0142alno\u015b\u0107 w bran\u017cy spo\u017cywczej? Profesjonalne szkolenia na start z systemu HACCP\\\/GHP\\\/GMP dla Ciebie i Twoich pracownik\u00f3w tylko na HACCPOnline. Gwarancja zadowolenia oraz certyfikatu w j\u0119zyku polskim i angielskim. Zapraszamy.\",\"breadcrumb\":{\"@id\":\"https:\\\/\\\/haccponline.pl\\\/sklep\\\/produkt\\\/szkolenie-haccp-start\\\/#breadcrumb\"},\"inLanguage\":\"pl-PL\",\"potentialAction\":[{\"@type\":\"ReadAction\",\"target\":[\"https:\\\/\\\/haccponline.pl\\\/sklep\\\/produkt\\\/szkolenie-haccp-start\\\/\"]}]},{\"@type\":\"ImageObject\",\"inLanguage\":\"pl-PL\",\"@id\":\"https:\\\/\\\/haccponline.pl\\\/sklep\\\/produkt\\\/szkolenie-haccp-start\\\/#primaryimage\",\"url\":\"https:\\\/\\\/haccponline.pl\\\/sklep\\\/wp-content\\\/uploads\\\/2018\\\/06\\\/haccp-product-thumb.webp\",\"contentUrl\":\"https:\\\/\\\/haccponline.pl\\\/sklep\\\/wp-content\\\/uploads\\\/2018\\\/06\\\/haccp-product-thumb.webp\",\"width\":600,\"height\":600},{\"@type\":\"BreadcrumbList\",\"@id\":\"https:\\\/\\\/haccponline.pl\\\/sklep\\\/produkt\\\/szkolenie-haccp-start\\\/#breadcrumb\",\"itemListElement\":[{\"@type\":\"ListItem\",\"position\":1,\"name\":\"Strona g\u0142\u00f3wna\",\"item\":\"https:\\\/\\\/haccponline.pl\\\/sklep\\\/\"},{\"@type\":\"ListItem\",\"position\":2,\"name\":\"PLATFORMA HACCP Online\",\"item\":\"https:\\\/\\\/haccponline.pl\\\/sklep\\\/haccp-online\\\/\"},{\"@type\":\"ListItem\",\"position\":3,\"name\":\"Szkolenie HACCP Start\"}]},{\"@type\":\"WebSite\",\"@id\":\"https:\\\/\\\/haccponline.pl\\\/sklep\\\/#website\",\"url\":\"https:\\\/\\\/haccponline.pl\\\/sklep\\\/\",\"name\":\"HACCP Platforma szkoleniowa\",\"description\":\"HACCP Platforma szkoleniowa\",\"publisher\":{\"@id\":\"https:\\\/\\\/haccponline.pl\\\/sklep\\\/#organization\"},\"potentialAction\":[{\"@type\":\"SearchAction\",\"target\":{\"@type\":\"EntryPoint\",\"urlTemplate\":\"https:\\\/\\\/haccponline.pl\\\/sklep\\\/?s={search_term_string}\"},\"query-input\":{\"@type\":\"PropertyValueSpecification\",\"valueRequired\":true,\"valueName\":\"search_term_string\"}}],\"inLanguage\":\"pl-PL\"},{\"@type\":\"Organization\",\"@id\":\"https:\\\/\\\/haccponline.pl\\\/sklep\\\/#organization\",\"name\":\"HACCP ONLINE\",\"url\":\"https:\\\/\\\/haccponline.pl\\\/sklep\\\/\",\"logo\":{\"@type\":\"ImageObject\",\"inLanguage\":\"pl-PL\",\"@id\":\"https:\\\/\\\/haccponline.pl\\\/sklep\\\/#\\\/schema\\\/logo\\\/image\\\/\",\"url\":\"https:\\\/\\\/haccponline.pl\\\/sklep\\\/wp-content\\\/uploads\\\/2018\\\/06\\\/haccp.png\",\"contentUrl\":\"https:\\\/\\\/haccponline.pl\\\/sklep\\\/wp-content\\\/uploads\\\/2018\\\/06\\\/haccp.png\",\"width\":234,\"height\":58,\"caption\":\"HACCP ONLINE\"},\"image\":{\"@id\":\"https:\\\/\\\/haccponline.pl\\\/sklep\\\/#\\\/schema\\\/logo\\\/image\\\/\"},\"sameAs\":[\"https:\\\/\\\/www.facebook.com\\\/HaccpOnline\\\/\"]}]}<\/script>\n<!-- \/ Yoast SEO plugin. -->","yoast_head_json":{"title":"Szkolenie GMP online | Sprawd\u017a ofert\u0119 naszych kurs\u00f3w \u2705 - HACCP Online","description":"W\u0142a\u015bnie otwierasz swoj\u0105 dzia\u0142alno\u015b\u0107 w bran\u017cy spo\u017cywczej? Profesjonalne szkolenia na start z systemu HACCP\/GHP\/GMP dla Ciebie i Twoich pracownik\u00f3w tylko na HACCPOnline. Gwarancja zadowolenia oraz certyfikatu w j\u0119zyku polskim i angielskim. Zapraszamy.","robots":{"index":"index","follow":"follow","max-snippet":"max-snippet:-1","max-image-preview":"max-image-preview:large","max-video-preview":"max-video-preview:-1"},"canonical":"https:\/\/haccponline.pl\/sklep\/produkt\/szkolenie-haccp-start\/","og_locale":"pl_PL","og_type":"article","og_title":"Szkolenie GMP online | Sprawd\u017a ofert\u0119 naszych kurs\u00f3w \u2705 - HACCP Online","og_description":"W\u0142a\u015bnie otwierasz swoj\u0105 dzia\u0142alno\u015b\u0107 w bran\u017cy spo\u017cywczej? Profesjonalne szkolenia na start z systemu HACCP\/GHP\/GMP dla Ciebie i Twoich pracownik\u00f3w tylko na HACCPOnline. Gwarancja zadowolenia oraz certyfikatu w j\u0119zyku polskim i angielskim. Zapraszamy.","og_url":"https:\/\/haccponline.pl\/sklep\/produkt\/szkolenie-haccp-start\/","og_site_name":"HACCP Platforma szkoleniowa","article_publisher":"https:\/\/www.facebook.com\/HaccpOnline\/","article_modified_time":"2024-10-19T23:11:04+00:00","og_image":[{"width":600,"height":600,"url":"https:\/\/haccponline.pl\/sklep\/wp-content\/uploads\/2018\/06\/haccp-product-thumb.webp","type":"image\/webp"}],"twitter_card":"summary_large_image","twitter_misc":{"Szacowany czas czytania":"2 minuty"},"schema":{"@context":"https:\/\/schema.org","@graph":[{"@type":"WebPage","@id":"https:\/\/haccponline.pl\/sklep\/produkt\/szkolenie-haccp-start\/","url":"https:\/\/haccponline.pl\/sklep\/produkt\/szkolenie-haccp-start\/","name":"Szkolenie GMP online | Sprawd\u017a ofert\u0119 naszych kurs\u00f3w \u2705 - HACCP Online","isPartOf":{"@id":"https:\/\/haccponline.pl\/sklep\/#website"},"primaryImageOfPage":{"@id":"https:\/\/haccponline.pl\/sklep\/produkt\/szkolenie-haccp-start\/#primaryimage"},"image":{"@id":"https:\/\/haccponline.pl\/sklep\/produkt\/szkolenie-haccp-start\/#primaryimage"},"thumbnailUrl":"https:\/\/haccponline.pl\/sklep\/wp-content\/uploads\/2018\/06\/haccp-product-thumb.webp","datePublished":"2018-06-28T14:00:58+00:00","dateModified":"2024-10-19T23:11:04+00:00","description":"W\u0142a\u015bnie otwierasz swoj\u0105 dzia\u0142alno\u015b\u0107 w bran\u017cy spo\u017cywczej? Profesjonalne szkolenia na start z systemu HACCP\/GHP\/GMP dla Ciebie i Twoich pracownik\u00f3w tylko na HACCPOnline. Gwarancja zadowolenia oraz certyfikatu w j\u0119zyku polskim i angielskim. Zapraszamy.","breadcrumb":{"@id":"https:\/\/haccponline.pl\/sklep\/produkt\/szkolenie-haccp-start\/#breadcrumb"},"inLanguage":"pl-PL","potentialAction":[{"@type":"ReadAction","target":["https:\/\/haccponline.pl\/sklep\/produkt\/szkolenie-haccp-start\/"]}]},{"@type":"ImageObject","inLanguage":"pl-PL","@id":"https:\/\/haccponline.pl\/sklep\/produkt\/szkolenie-haccp-start\/#primaryimage","url":"https:\/\/haccponline.pl\/sklep\/wp-content\/uploads\/2018\/06\/haccp-product-thumb.webp","contentUrl":"https:\/\/haccponline.pl\/sklep\/wp-content\/uploads\/2018\/06\/haccp-product-thumb.webp","width":600,"height":600},{"@type":"BreadcrumbList","@id":"https:\/\/haccponline.pl\/sklep\/produkt\/szkolenie-haccp-start\/#breadcrumb","itemListElement":[{"@type":"ListItem","position":1,"name":"Strona g\u0142\u00f3wna","item":"https:\/\/haccponline.pl\/sklep\/"},{"@type":"ListItem","position":2,"name":"PLATFORMA HACCP Online","item":"https:\/\/haccponline.pl\/sklep\/haccp-online\/"},{"@type":"ListItem","position":3,"name":"Szkolenie HACCP Start"}]},{"@type":"WebSite","@id":"https:\/\/haccponline.pl\/sklep\/#website","url":"https:\/\/haccponline.pl\/sklep\/","name":"HACCP Platforma szkoleniowa","description":"HACCP Platforma szkoleniowa","publisher":{"@id":"https:\/\/haccponline.pl\/sklep\/#organization"},"potentialAction":[{"@type":"SearchAction","target":{"@type":"EntryPoint","urlTemplate":"https:\/\/haccponline.pl\/sklep\/?s={search_term_string}"},"query-input":{"@type":"PropertyValueSpecification","valueRequired":true,"valueName":"search_term_string"}}],"inLanguage":"pl-PL"},{"@type":"Organization","@id":"https:\/\/haccponline.pl\/sklep\/#organization","name":"HACCP ONLINE","url":"https:\/\/haccponline.pl\/sklep\/","logo":{"@type":"ImageObject","inLanguage":"pl-PL","@id":"https:\/\/haccponline.pl\/sklep\/#\/schema\/logo\/image\/","url":"https:\/\/haccponline.pl\/sklep\/wp-content\/uploads\/2018\/06\/haccp.png","contentUrl":"https:\/\/haccponline.pl\/sklep\/wp-content\/uploads\/2018\/06\/haccp.png","width":234,"height":58,"caption":"HACCP ONLINE"},"image":{"@id":"https:\/\/haccponline.pl\/sklep\/#\/schema\/logo\/image\/"},"sameAs":["https:\/\/www.facebook.com\/HaccpOnline\/"]}]}},"_links":{"self":[{"href":"https:\/\/haccponline.pl\/sklep\/wp-json\/wp\/v2\/product\/9","targetHints":{"allow":["GET"]}}],"collection":[{"href":"https:\/\/haccponline.pl\/sklep\/wp-json\/wp\/v2\/product"}],"about":[{"href":"https:\/\/haccponline.pl\/sklep\/wp-json\/wp\/v2\/types\/product"}],"replies":[{"embeddable":true,"href":"https:\/\/haccponline.pl\/sklep\/wp-json\/wp\/v2\/comments?post=9"}],"wp:featuredmedia":[{"embeddable":true,"href":"https:\/\/haccponline.pl\/sklep\/wp-json\/wp\/v2\/media\/5838"}],"wp:attachment":[{"href":"https:\/\/haccponline.pl\/sklep\/wp-json\/wp\/v2\/media?parent=9"}],"wp:term":[{"taxonomy":"product_brand","embeddable":true,"href":"https:\/\/haccponline.pl\/sklep\/wp-json\/wp\/v2\/product_brand?post=9"},{"taxonomy":"product_cat","embeddable":true,"href":"https:\/\/haccponline.pl\/sklep\/wp-json\/wp\/v2\/product_cat?post=9"},{"taxonomy":"product_tag","embeddable":true,"href":"https:\/\/haccponline.pl\/sklep\/wp-json\/wp\/v2\/product_tag?post=9"}],"curies":[{"name":"wp","href":"https:\/\/api.w.org\/{rel}","templated":true}]}}